{"id":17,"date":"2026-05-12T15:32:01","date_gmt":"2026-05-12T13:32:01","guid":{"rendered":"https:\/\/pronet.xyu.pl\/index.php\/zasieg\/"},"modified":"2026-05-12T15:33:15","modified_gmt":"2026-05-12T13:33:15","slug":"zasieg","status":"publish","type":"page","link":"https:\/\/pronet.xyu.pl\/index.php\/zasieg\/","title":{"rendered":"Zasi\u0119g"},"content":{"rendered":"<h1 class=\"wp-block-heading\">Sprawd\u017a zasi\u0119g PRONET-SERWIS<\/h1><p>Dzia\u0142amy lokalnie w powiatach: zdu\u0144skowolskim, sieradzkim, \u0142askim, wielu\u0144skim, paj\u0119cza\u0144skim i be\u0142chatowskim.<\/p>        <section class=\"pronet-checker\" data-pronet-checker>\r\n            <div class=\"pronet-checker__header\">\r\n                <p class=\"pronet-checker__eyebrow\">PRONET-SERWIS<\/p>\r\n                <h2>Sprawd\u017a dost\u0119pno\u015b\u0107 us\u0142ug pod swoim adresem<\/h2>\r\n                <p>Wpisz adres, a poka\u017cemy dost\u0119pne technologie i pakiety: \u015bwiat\u0142ow\u00f3d, internet radiowy, internet mobilny, telewizj\u0119 oraz telefon.<\/p>\r\n            <\/div>\r\n\r\n            <form class=\"pronet-checker__form\" data-pronet-address-form>\r\n                <label>\r\n                    <span>Miejscowo\u015b\u0107<\/span>\r\n                    <input type=\"text\" name=\"locality\" autocomplete=\"off\" required data-pronet-locality>\r\n                    <div class=\"pronet-checker__suggestions\" data-pronet-locality-suggestions><\/div>\r\n                <\/label>\r\n                <label>\r\n                    <span>Ulica<\/span>\r\n                    <input type=\"text\" name=\"street\" autocomplete=\"off\" data-pronet-street>\r\n                    <div class=\"pronet-checker__suggestions\" data-pronet-street-suggestions><\/div>\r\n                <\/label>\r\n                <label>\r\n                    <span>Nr domu<\/span>\r\n                    <input type=\"text\" name=\"house_number\" autocomplete=\"off\" required data-pronet-house-number>\r\n                <\/label>\r\n                <button type=\"submit\">Sprawd\u017a ofert\u0119<\/button>\r\n            <\/form>\r\n\r\n            <div class=\"pronet-checker__status\" data-pronet-status aria-live=\"polite\"><\/div>\r\n            <div class=\"pronet-checker__results\" data-pronet-results hidden><\/div>\r\n        <\/section>\r\n\r\n        <div class=\"pronet-modal\" data-pronet-modal hidden>\r\n            <div class=\"pronet-modal__panel\" role=\"dialog\" aria-modal=\"true\" aria-labelledby=\"pronet-modal-title\">\r\n                <button type=\"button\" class=\"pronet-modal__close\" data-pronet-modal-close aria-label=\"Zamknij\">\u00d7<\/button>\r\n                <h3 id=\"pronet-modal-title\">Wybierz pakiet i zostaw kontakt<\/h3>\r\n                <div class=\"pronet-modal__summary\" data-pronet-modal-summary><\/div>\r\n                <form class=\"pronet-lead-form\" data-pronet-lead-form>\r\n                    <input type=\"hidden\" name=\"locality\">\r\n                    <input type=\"hidden\" name=\"street\">\r\n                    <input type=\"hidden\" name=\"house_number\">\r\n                    <input type=\"hidden\" name=\"technology\">\r\n                    <input type=\"hidden\" name=\"package_name\">\r\n\r\n                    <label>\r\n                        <span>Dodatki<\/span>\r\n                        <select name=\"addons[]\" multiple>\r\n                            <option value=\"Telewizja\">Telewizja<\/option>\r\n                            <option value=\"Telefon kom\u00f3rkowy\">Telefon kom\u00f3rkowy<\/option>\r\n                            <option value=\"Router WiFi 6\">Router WiFi 6<\/option>\r\n                        <\/select>\r\n                    <\/label>\r\n                    <label>\r\n                        <span>Imi\u0119 i nazwisko<\/span>\r\n                        <input type=\"text\" name=\"full_name\" required>\r\n                    <\/label>\r\n                    <label>\r\n                        <span>Telefon<\/span>\r\n                        <input type=\"tel\" name=\"phone\" required>\r\n                    <\/label>\r\n                    <label>\r\n                        <span>E-mail<\/span>\r\n                        <input type=\"email\" name=\"email\">\r\n                    <\/label>\r\n                    <label>\r\n                        <span>Wiadomo\u015b\u0107<\/span>\r\n                        <textarea name=\"message\" rows=\"3\"><\/textarea>\r\n                    <\/label>\r\n                    <label class=\"pronet-lead-form__consent\">\r\n                        <input type=\"checkbox\" name=\"consent\" value=\"1\" required>\r\n                        <span>Wyra\u017cam zgod\u0119 na kontakt w celu przedstawienia oferty PRONET-SERWIS.<\/span>\r\n                    <\/label>\r\n                    <button type=\"submit\">Wy\u015blij zapytanie<\/button>\r\n                <\/form>\r\n            <\/div>\r\n        <\/div>\r\n        \n","protected":false},"excerpt":{"rendered":"<p>Sprawd\u017a zasi\u0119g PRONET-SERWIS Dzia\u0142amy lokalnie w powiatach: zdu\u0144skowolskim, sieradzkim, \u0142askim, wielu\u0144skim, paj\u0119cza\u0144skim i be\u0142chatowskim.<\/p>\n","protected":false},"author":1,"featured_media":0,"parent":0,"menu_order":0,"comment_status":"closed","ping_status":"closed","template":"","meta":{"give_campaign_id":0,"footnotes":""},"class_list":["post-17","page","type-page","status-publish","hentry"],"campaignId":"","_links":{"self":[{"href":"https:\/\/pronet.xyu.pl\/index.php\/wp-json\/wp\/v2\/pages\/17","targetHints":{"allow":["GET"]}}],"collection":[{"href":"https:\/\/pronet.xyu.pl\/index.php\/wp-json\/wp\/v2\/pages"}],"about":[{"href":"https:\/\/pronet.xyu.pl\/index.php\/wp-json\/wp\/v2\/types\/page"}],"author":[{"embeddable":true,"href":"https:\/\/pronet.xyu.pl\/index.php\/wp-json\/wp\/v2\/users\/1"}],"replies":[{"embeddable":true,"href":"https:\/\/pronet.xyu.pl\/index.php\/wp-json\/wp\/v2\/comments?post=17"}],"version-history":[{"count":1,"href":"https:\/\/pronet.xyu.pl\/index.php\/wp-json\/wp\/v2\/pages\/17\/revisions"}],"predecessor-version":[{"id":39,"href":"https:\/\/pronet.xyu.pl\/index.php\/wp-json\/wp\/v2\/pages\/17\/revisions\/39"}],"wp:attachment":[{"href":"https:\/\/pronet.xyu.pl\/index.php\/wp-json\/wp\/v2\/media?parent=17"}],"curies":[{"name":"wp","href":"https:\/\/api.w.org\/{rel}","templated":true}]}}