{"id":18,"date":"2026-05-12T16:55:34","date_gmt":"2026-05-12T14:55:34","guid":{"rendered":"https:\/\/pronet.xyu.pl\/index.php\/promocje\/"},"modified":"2026-05-12T16:58:09","modified_gmt":"2026-05-12T14:58:09","slug":"promocje","status":"publish","type":"page","link":"https:\/\/pronet.xyu.pl\/index.php\/promocje\/","title":{"rendered":"Promocje"},"content":{"rendered":"<h1 class=\"wp-block-heading\">Promocje PRONET-SERWIS<\/h1><p>Aktualne promocje na internet, telewizj\u0119, Disney+ oraz us\u0142ugi dodatkowe. Szczeg\u00f3\u0142y oferty potwierdzimy po sprawdzeniu adresu.<\/p>","protected":false},"excerpt":{"rendered":"<p>Promocje PRONET-SERWIS Aktualne promocje na internet, telewizj\u0119, Disney+ oraz us\u0142ugi dodatkowe. Szczeg\u00f3\u0142y oferty potwierdzimy po sprawdzeniu adresu.<\/p>\n","protected":false},"author":1,"featured_media":0,"parent":0,"menu_order":0,"comment_status":"closed","ping_status":"closed","template":"","meta":{"footnotes":""},"class_list":["post-18","page","type-page","status-publish","hentry"],"_links":{"self":[{"href":"https:\/\/pronet.xyu.pl\/index.php\/wp-json\/wp\/v2\/pages\/18","targetHints":{"allow":["GET"]}}],"collection":[{"href":"https:\/\/pronet.xyu.pl\/index.php\/wp-json\/wp\/v2\/pages"}],"about":[{"href":"https:\/\/pronet.xyu.pl\/index.php\/wp-json\/wp\/v2\/types\/page"}],"author":[{"embeddable":true,"href":"https:\/\/pronet.xyu.pl\/index.php\/wp-json\/wp\/v2\/users\/1"}],"replies":[{"embeddable":true,"href":"https:\/\/pronet.xyu.pl\/index.php\/wp-json\/wp\/v2\/comments?post=18"}],"version-history":[{"count":1,"href":"https:\/\/pronet.xyu.pl\/index.php\/wp-json\/wp\/v2\/pages\/18\/revisions"}],"predecessor-version":[{"id":40,"href":"https:\/\/pronet.xyu.pl\/index.php\/wp-json\/wp\/v2\/pages\/18\/revisions\/40"}],"wp:attachment":[{"href":"https:\/\/pronet.xyu.pl\/index.php\/wp-json\/wp\/v2\/media?parent=18"}],"curies":[{"name":"wp","href":"https:\/\/api.w.org\/{rel}","templated":true}]}}