{"id":21,"date":"2026-05-12T15:32:01","date_gmt":"2026-05-12T13:32:01","guid":{"rendered":"https:\/\/pronet.xyu.pl\/index.php\/projekt-kpo\/"},"modified":"2026-05-12T15:33:15","modified_gmt":"2026-05-12T13:33:15","slug":"projekt-kpo","status":"publish","type":"page","link":"https:\/\/pronet.xyu.pl\/index.php\/projekt-kpo\/","title":{"rendered":"Projekt KPO"},"content":{"rendered":"<p><img width=\"1024\" height=\"131\" src=\"https:\/\/pronet.xyu.pl\/wp-content\/uploads\/2026\/05\/KPO_naklejka_wersja-podstawowa-1-scaled-1-1024x131.jpg\" class=\"attachment-large size-large\" alt=\"\" decoding=\"async\" loading=\"lazy\" srcset=\"https:\/\/pronet.xyu.pl\/wp-content\/uploads\/2026\/05\/KPO_naklejka_wersja-podstawowa-1-scaled-1-1024x131.jpg 1024w, https:\/\/pronet.xyu.pl\/wp-content\/uploads\/2026\/05\/KPO_naklejka_wersja-podstawowa-1-scaled-1-300x38.jpg 300w, https:\/\/pronet.xyu.pl\/wp-content\/uploads\/2026\/05\/KPO_naklejka_wersja-podstawowa-1-scaled-1-768x98.jpg 768w, https:\/\/pronet.xyu.pl\/wp-content\/uploads\/2026\/05\/KPO_naklejka_wersja-podstawowa-1-scaled-1-1536x197.jpg 1536w, https:\/\/pronet.xyu.pl\/wp-content\/uploads\/2026\/05\/KPO_naklejka_wersja-podstawowa-1-scaled-1-2048x262.jpg 2048w\" sizes=\"auto, (max-width: 1024px) 100vw, 1024px\" \/><\/p>\n<h1>Budowa sieci NGA w ramach KPO<\/h1>\n<p>Planujemy wybudowanie sieci \u015bwiat\u0142owodowej w technologii FTTH oraz zapewnienie dost\u0119pu do szerokopasmowego Internetu o gwarantowanej przepustowo\u015bci 300 Mb\/s.<\/p>\n<h2>Miejscowo\u015bci obj\u0119te projektem<\/h2>\n<ul>\n<li>Ptaszkowice (powiat zdu\u0144skowolski)<\/li>\n<li>Rojk\u00f3w (powiat zdu\u0144skowolski)<\/li>\n<li>Wygie\u0142z\u00f3w (powiat zdu\u0144skowolski)<\/li>\n<li>M\u0142odawin G\u00f3rny (powiat zdu\u0144skowolski)<\/li>\n<li>M\u0142odawin Dolny (powiat zdu\u0144skowolski)<\/li>\n<li>Jeziorko (powiat zdu\u0144skowolski)<\/li>\n<\/ul>\n<h2>Zakres dzia\u0142a\u0144<\/h2>\n<ul>\n<li>Prace przygotowawcze i pozyskanie potencja\u0142u projektowo-wykonawczego<\/li>\n<li>Przygotowanie dokumentacji niezb\u0119dnej do wykonania rob\u00f3t budowlanych<\/li>\n<li>Budowa pasywnej infrastruktury szerokopasmowej PON<\/li>\n<li>Modernizacja w\u0119z\u0142\u00f3w dost\u0119powych i pod\u0142\u0105czenie odcink\u00f3w budowanej sieci<\/li>\n<\/ul>\n<p><strong>Nr przedsi\u0119wzi\u0119cia:<\/strong> KPOD.05.02-IW.06-047\/25<\/p>\n<p><strong>Tytu\u0142:<\/strong> \u201eBudowa sieci NGA dla punkt\u00f3w adresowych z wojew\u00f3dztwa \u0142\u00f3dzkiego, nieposiadaj\u0105cych dost\u0119pu do szerokopasmowego internetu.\u201d<\/p>\n<p><strong>Warto\u015b\u0107 przedsi\u0119wzi\u0119cia:<\/strong> 1 311 000 z\u0142<\/p>\n<p><strong>Dofinansowanie:<\/strong> 1 120 905 z\u0142<\/p>\n<p>Je\u015bli chcesz by\u0107 informowany o post\u0119pach w budowie sieci, napisz na: pronet@pronet-serwis.pl<\/p>\n","protected":false},"excerpt":{"rendered":"<p>Budowa sieci NGA w ramach KPO Planujemy wybudowanie sieci \u015bwiat\u0142owodowej w technologii FTTH oraz zapewnienie dost\u0119pu do szerokopasmowego Internetu o gwarantowanej przepustowo\u015bci 300 Mb\/s. Miejscowo\u015bci obj\u0119te projektem Ptaszkowice (powiat zdu\u0144skowolski) Rojk\u00f3w (powiat zdu\u0144skowolski) Wygie\u0142z\u00f3w (powiat zdu\u0144skowolski) M\u0142odawin G\u00f3rny (powiat zdu\u0144skowolski) M\u0142odawin Dolny (powiat zdu\u0144skowolski) Jeziorko (powiat zdu\u0144skowolski) Zakres dzia\u0142a\u0144 Prace przygotowawcze i pozyskanie potencja\u0142u projektowo-wykonawczego [&hellip;]<\/p>\n","protected":false},"author":1,"featured_media":0,"parent":0,"menu_order":0,"comment_status":"closed","ping_status":"closed","template":"","meta":{"give_campaign_id":0,"footnotes":""},"class_list":["post-21","page","type-page","status-publish","hentry"],"campaignId":"","_links":{"self":[{"href":"https:\/\/pronet.xyu.pl\/index.php\/wp-json\/wp\/v2\/pages\/21","targetHints":{"allow":["GET"]}}],"collection":[{"href":"https:\/\/pronet.xyu.pl\/index.php\/wp-json\/wp\/v2\/pages"}],"about":[{"href":"https:\/\/pronet.xyu.pl\/index.php\/wp-json\/wp\/v2\/types\/page"}],"author":[{"embeddable":true,"href":"https:\/\/pronet.xyu.pl\/index.php\/wp-json\/wp\/v2\/users\/1"}],"replies":[{"embeddable":true,"href":"https:\/\/pronet.xyu.pl\/index.php\/wp-json\/wp\/v2\/comments?post=21"}],"version-history":[{"count":1,"href":"https:\/\/pronet.xyu.pl\/index.php\/wp-json\/wp\/v2\/pages\/21\/revisions"}],"predecessor-version":[{"id":43,"href":"https:\/\/pronet.xyu.pl\/index.php\/wp-json\/wp\/v2\/pages\/21\/revisions\/43"}],"wp:attachment":[{"href":"https:\/\/pronet.xyu.pl\/index.php\/wp-json\/wp\/v2\/media?parent=21"}],"curies":[{"name":"wp","href":"https:\/\/api.w.org\/{rel}","templated":true}]}}