{"id":73,"date":"2026-05-12T18:32:21","date_gmt":"2026-05-12T16:32:21","guid":{"rendered":"https:\/\/pronet.xyu.pl\/index.php\/strona-glowna-pronet\/"},"modified":"2026-05-12T18:32:21","modified_gmt":"2026-05-12T16:32:21","slug":"strona-glowna-pronet","status":"publish","type":"page","link":"https:\/\/pronet.xyu.pl\/index.php\/strona-glowna-pronet\/","title":{"rendered":"Strona g\u0142\u00f3wna PRONET"},"content":{"rendered":"<p>Demo strony g\u0142\u00f3wnej jest renderowane przez szablon front-page.php motywu PRONET-SERWIS Demo.<\/p>\n","protected":false},"excerpt":{"rendered":"<p>Demo strony g\u0142\u00f3wnej jest renderowane przez szablon front-page.php motywu PRONET-SERWIS Demo.<\/p>\n","protected":false},"author":1,"featured_media":0,"parent":0,"menu_order":0,"comment_status":"closed","ping_status":"closed","template":"","meta":{"footnotes":""},"class_list":["post-73","page","type-page","status-publish","hentry"],"_links":{"self":[{"href":"https:\/\/pronet.xyu.pl\/index.php\/wp-json\/wp\/v2\/pages\/73","targetHints":{"allow":["GET"]}}],"collection":[{"href":"https:\/\/pronet.xyu.pl\/index.php\/wp-json\/wp\/v2\/pages"}],"about":[{"href":"https:\/\/pronet.xyu.pl\/index.php\/wp-json\/wp\/v2\/types\/page"}],"author":[{"embeddable":true,"href":"https:\/\/pronet.xyu.pl\/index.php\/wp-json\/wp\/v2\/users\/1"}],"replies":[{"embeddable":true,"href":"https:\/\/pronet.xyu.pl\/index.php\/wp-json\/wp\/v2\/comments?post=73"}],"version-history":[{"count":0,"href":"https:\/\/pronet.xyu.pl\/index.php\/wp-json\/wp\/v2\/pages\/73\/revisions"}],"wp:attachment":[{"href":"https:\/\/pronet.xyu.pl\/index.php\/wp-json\/wp\/v2\/media?parent=73"}],"curies":[{"name":"wp","href":"https:\/\/api.w.org\/{rel}","templated":true}]}}